{"id":3347,"date":"2018-05-23T16:13:59","date_gmt":"2018-05-23T15:13:59","guid":{"rendered":"http:\/\/2hero.com\/?page_id=3347"},"modified":"2018-05-23T16:13:59","modified_gmt":"2018-05-23T15:13:59","slug":"datenschutzerklaerung","status":"publish","type":"page","link":"https:\/\/2hero.com\/?page_id=3347","title":{"rendered":"Datenschutzerkl\u00e4rung"},"content":{"rendered":"<p>Datenschutzerkl\u00e4rung: Bei 2hero Productions achten wir Ihre Privatsph\u00e4re. Wir sind uns bewusst, dass Sie darauf vertrauen, dass wir mit den uns anvertrauten pers\u00f6nlichen Informationen verantwortungsbewusst umgehen. Daher verfolgen wir eine Politik, die auf den Schutz Ihrer pers\u00f6nlichen Informationen abzielt. Sie k\u00f6nnen unsere Website jederzeit besuchen und ungesicherte Bereiche durchsuchen, ohne uns pers\u00f6nliche Informationen zu geben. Gespeichert wird jedoch die IP-Adresse, die uns von Ihnen \u00fcbermittelt wird sowie die damit verbundenen Informationen. Lesen Sie bitte weiter, wenn Sie mehr \u00fcber unsere Datenschutzpolitik erfahren m\u00f6chten.<\/p>\n<h3>Welche Informationen sammelt 2hero Productions? Wie nutzen wir diese Informationen?<\/h3>\n<p>Manchmal werden Sie aufgefordert, uns auf freiwilliger Basis pers\u00f6nliche Angaben zu machen.<br \/>\nIn der Regel werden diese Informationen abgefragt, wenn Sie sich f\u00fcr Informationen im Zusammenhang mit unserem Unternehmen interessieren.<br \/>\nWenn Sie uns mitteilen, dass wir diese Informationen nicht als Grundlage f\u00fcr einen weiteren Kontakt mit Ihnen verwendet werden sollen, werden wir dies respektieren und Ihre Daten aus unserer Datei l\u00f6schen (Ihr Widerspruchsrecht). Richten Sie Ihren Widerspruch bitte an die im Impressum angegebene Adresse.<br \/>\nWir beabsichtigen, den Inhalt und die Funktionen unserer Website st\u00e4ndig zu verbessern. Daher erfassen wir das Kundenverhalten und die Nutzung unserer Website, um das Design und Layout unserer Site verbessern und Ihnen noch interessantere Inhalte bieten zu k\u00f6nnen. Wir verwenden teilweise auch nicht pers\u00f6nlich zuordenbare Angaben zur Optimierung von Qualit\u00e4t und Online-Diensten, indem wir statistische Erhebungen der kollektiven Charakteristika und Verhaltensmuster unserer Besucher durchf\u00fchren.<\/p>\n<h3>Wie funktionieren &#8222;Cookies&#8220;?<\/h3>\n<p>2hero Productions verwendet Cookies, um eine sichere und schnelle Kommunikation mit der Website gew\u00e4hrleisten zu k\u00f6nnen. Als HTTP- bzw. Browser-Cookie werden Informationen bezeichnet, die ein Webserver zu einem Browser sendet oder die auf Ihrem PC durch eine Webseite erzeugt werden. Unsere Cookies, die wir versenden, gew\u00e4hrleisten Ihnen eine schnelle und sichere Kommunikation, w\u00e4hrend Sie sich auf unserer Website befinden. Wenn Sie es ablehnen, dass wir einen Cookie an Sie versenden, werden Sie m\u00f6glicherweise keinen Zugang zu der Website erhalten oder Sie werden von bestimmten Seiten oder Dienstleistungen ausgeschlossen. Unsere Cookies werden automatisch gel\u00f6scht, wenn Sie Ihren Browser schlie\u00dfen. Unsere Website kann Links zu anderen Seiten mit Cookie-Verfahrenstechnik enthalten. Wir haben weder Zugang zu noch Kontrolle \u00fcber diese Cookies.<br \/>\nDie meisten Web-Browser akzeptieren Cookies automatisch. Sie k\u00f6nnen die Einstellungen Ihres Browsers in der Regel aber auch \u00e4ndern, wenn Sie die Informationen lieber nicht versenden m\u00f6chten.<\/p>\n<h3>Google Analytics<\/h3>\n<p>Diese Website benutzt Google Analytics, einen Webanalysedienst der Google Inc. (\u201eGoogle\u201c). Google Analytics verwendet sog. \u201eCookies\u201c, Textdateien, die auf Ihrem Computer gespeichert werden und die eine Analyse der Benutzung der Website durch Sie erm\u00f6glichen. Die durch das Cookie erzeugten Informationen \u00fcber Ihre Benutzung dieser Website werden in der Regel an einen Server von Google in den USA \u00fcbertragen und dort gespeichert. Im Falle der Aktivierung der IP-Anonymisierung auf dieser Website, wird Ihre IP-Adresse von Google jedoch innerhalb von Mitgliedstaaten der Europ\u00e4ischen Union oder in anderen Vertragsstaaten des Abkommens \u00fcber den Europ\u00e4ischen Wirtschaftsraum zuvor gek\u00fcrzt. Nur in Ausnahmef\u00e4llen wird die volle IP-Adresse an einen Server von Google in den USA \u00fcbertragen und dort gek\u00fcrzt. Im Auftrag des Betreibers dieser Website wird Google diese Informationen benutzen, um Ihre Nutzung der Website auszuwerten, um Reports \u00fcber die Websiteaktivit\u00e4ten zusammenzustellen und um weitere mit der Websitenutzung und der Internetnutzung verbundene Dienstleistungen gegen\u00fcber dem Websitebetreiber zu erbringen. Die im Rahmen von Google Analytics von Ihrem Browser \u00fcbermittelte IP-Adresse wird nicht mit anderen Daten von Google zusammengef\u00fchrt. Sie k\u00f6nnen die Speicherung der Cookies durch eine entsprechende Einstellung Ihrer Browser-Software verhindern; wir weisen Sie jedoch darauf hin, dass Sie in diesem Fall gegebenenfalls nicht s\u00e4mtliche Funktionen dieser Website vollumf\u00e4nglich werden nutzen k\u00f6nnen. Sie k\u00f6nnen dar\u00fcber hinaus die Erfassung der durch das Cookie erzeugten und auf Ihre Nutzung der Website bezogenen Daten (inkl. Ihrer IP-Adresse) an Google sowie die Verarbeitung dieser Daten durch Google verhindern, indem Sie das unter dem folgenden Link (<a href=\"http:\/\/tools.google.com\/dlpage\/gaoptout?hl=de\" target=\"_blank\" rel=\"noopener\">http:\/\/tools.google.com\/dlpage\/gaoptout?hl=de<\/a>) verf\u00fcgbare Browser-Plugin herunterladen und installieren.<\/p>\n<p>N\u00e4here Informationen zu Nutzungsbedingungen und Datenschutz finden Sie unter <a href=\"http:\/\/www.google.com\/analytics\/terms\/de.html\" target=\"_blank\" rel=\"noopener\">http:\/\/www.google.com\/analytics\/terms\/de.html<\/a> bzw. unter <a href=\"http:\/\/www.google.de\/intl\/de\/policies\/\" target=\"_blank\" rel=\"noopener\">https:\/\/www.google.de\/intl\/de\/policies\/<\/a>. Wir weisen Sie darauf hin, dass auf dieser Website Google Analytics um den Code \u201eanonymizeIp\u201c erweitert wurde, um eine anonymisierte Erfassung von IP-Adressen (sog. IP-Masking) zu gew\u00e4hrleisten.<\/p>\n<div>\n<h3>Retargeting \u2013 Einsatz von Google Adwords (Remarketing \/ Conversion Tracking) auf unserer Website<\/h3>\n<p>2hero Productions nutzt den Dienst Google Adwords von Google. Unsere Website verwendet die Remarketing-Funktion von Google Adwords. Diese Funktion dient dazu, Besuchern der Website im Rahmen des Google-Werbenetzwerks interessenbezogene Werbeanzeigen zu pr\u00e4sentieren. Der Browser des Websitebesuchers speichert sog. &#8222;Cookies&#8220;, Textdateien, die auf deinem Endger\u00e4t gespeichert werden und die es erm\u00f6glichen, den Nutzer wiederzuerkennen, wenn dieser Websites aufruft, die dem Werbenetzwerk von Google angeh\u00f6ren. Auf diesen Seiten k\u00f6nnen dem Nutzer dann Werbeanzeigen pr\u00e4sentiert werden, die sich auf Inhalte beziehen, die der Besucher zuvor auf Websites aufgerufen hat, die die Remarketing Funktion von Google verwenden. Nach eigenen Angaben erhebt Google bei diesem Vorgang keine personenbezogenen Daten. Solltest du die Funktion Remarketing von Google dennoch nicht w\u00fcnschen, kannst du diese grunds\u00e4tzlich deaktivieren, indem du die entsprechenden Einstellungen unter http:\/\/www.google.com\/settings\/ads vornimmst. Alternativ kannst du den Einsatz von Cookies f\u00fcr interessenbezogene Werbung \u00fcber die Werbenetzwerkinitiative deaktivieren, indem du den Anweisungen unter http:\/\/www.networkadvertising.org\/managing\/opt_out.asp folgst. Weiterf\u00fchrende Informationen zu Google Remarketing und die Datenschutzerkl\u00e4rung von Google findest du unter: http:\/\/www.google.com\/privacy\/ads\/<\/p>\n<h3>Nutzung von Facebook Custom Audience<\/h3>\n<p>Auf unseren Seiten sind Remarketing-Tags des sozialen Netzwerks Facebook, 1601 South California Avenue, Palo Alto, CA 94304, USA integriert. Wenn Sie unsere Seiten besuchen, wird \u00fcber die Remarketing-Tags eine direkte Verbindung zwischen Ihrem Browser und dem Facebook-Server hergestellt. Facebook erh\u00e4lt dadurch die Information, dass Sie mit Ihrer IP-Adresse unsere Seite besucht haben. Dadurch kann Facebook den Besuch unserer Seiten Ihrem Benutzerkonto zuordnen. Die so erhaltenen Informationen k\u00f6nnen wir f\u00fcr die Anzeige von Facebook Ads nutzen. Wir weisen darauf hin, dass wir als Anbieter der Seiten keine Kenntnis vom Inhalt der \u00fcbermittelten Daten sowie deren Nutzung durch Facebook erhalten. Weitere Informationen hierzu finden Sie in der Datenschutzerkl\u00e4rung von Facebook (www.facebook.com\/about\/privacy\/). Falls Sie keine Datenerfassung via Custom Audience w\u00fcnschen, k\u00f6nnen Sie Custom Audiences hier (www.facebook.com\/ads\/website_custom_audiences\/) deaktivieren.<\/p>\n<h3>Gibt 2hero Productions die gesammelten Informationen an Dritte weiter?<\/h3>\n<p>2hero Productions speichert unter Umst\u00e4nden pers\u00f6nliche Informationen. Diese werden nur f\u00fcr eigene Zwecke verwendet.<\/p>\n<h3>Unsere E-Mail-Politik<\/h3>\n<p>Wenn Sie uns Ihre Kontaktinformationen mitgeteilt haben, treten wir eventuell \u00fcber E-Mail mit Ihnen in Kontakt, wenn dies im Zusammenhang mit Ihren angeforderten Informationen oder f\u00fcr unsere Kundendienstleistungen notwendig ist.<\/p>\n<h3>Ihre Zustimmung<\/h3>\n<p>Indem Sie unsere Website nutzen, stimmen Sie dem Sammeln und der Nutzung dieser Informationen durch 2hero Productions zu.<br \/>\nWenn wir unsere Datenschutzpolitik \u00e4ndern sollten, werden wir diese \u00c4nderungen auf dieser Seite ver\u00f6ffentlichen. Sie erhalten hier immer Informationen \u00fcber die Daten, die wir erheben, die Art, in der wir diese Daten verwenden, und die Umst\u00e4nde, unter denen wir sie weitergeben.<\/p>\n<p>Bei Fragen wenden Sie sich bitte an<\/p>\n<p><a href=\"mailto:info@2hero.com\">info@2hero.com<\/a><\/p>\n<\/div>\n","protected":false},"excerpt":{"rendered":"<p>Datenschutzerkl\u00e4rung: Bei 2hero Productions achten wir Ihre Privatsph\u00e4re. Wir sind uns bewusst, dass Sie darauf vertrauen, dass wir mit den uns anvertrauten pers\u00f6nlichen Informationen verantwortungsbewusst umgehen. Daher verfolgen wir eine Politik, die auf den Schutz Ihrer pers\u00f6nlichen Informationen abzielt. Sie k\u00f6nnen unsere Website jederzeit besuchen und ungesicherte Bereiche durchsuchen, ohne uns pers\u00f6nliche Informationen zu geben. [&hellip;]<\/p>\n","protected":false},"author":1,"featured_media":0,"parent":1978,"menu_order":0,"comment_status":"closed","ping_status":"closed","template":"","meta":{"footnotes":""},"class_list":["post-3347","page","type-page","status-publish","hentry","post"],"jetpack_sharing_enabled":true,"_links":{"self":[{"href":"https:\/\/2hero.com\/index.php?rest_route=\/wp\/v2\/pages\/3347","targetHints":{"allow":["GET"]}}],"collection":[{"href":"https:\/\/2hero.com\/index.php?rest_route=\/wp\/v2\/pages"}],"about":[{"href":"https:\/\/2hero.com\/index.php?rest_route=\/wp\/v2\/types\/page"}],"author":[{"embeddable":true,"href":"https:\/\/2hero.com\/index.php?rest_route=\/wp\/v2\/users\/1"}],"replies":[{"embeddable":true,"href":"https:\/\/2hero.com\/index.php?rest_route=%2Fwp%2Fv2%2Fcomments&post=3347"}],"version-history":[{"count":0,"href":"https:\/\/2hero.com\/index.php?rest_route=\/wp\/v2\/pages\/3347\/revisions"}],"up":[{"embeddable":true,"href":"https:\/\/2hero.com\/index.php?rest_route=\/wp\/v2\/pages\/1978"}],"wp:attachment":[{"href":"https:\/\/2hero.com\/index.php?rest_route=%2Fwp%2Fv2%2Fmedia&parent=3347"}],"curies":[{"name":"wp","href":"https:\/\/api.w.org\/{rel}","templated":true}]}}