{"id":1978,"date":"2010-01-09T10:19:17","date_gmt":"2010-01-09T10:19:17","guid":{"rendered":"http:\/\/localhost\/test\/?page_id=15"},"modified":"2023-02-06T23:23:32","modified_gmt":"2023-02-06T23:23:32","slug":"imprint","status":"publish","type":"page","link":"https:\/\/2hero.com\/?page_id=1978","title":{"rendered":"Imprint"},"content":{"rendered":"\n<p>Imprint 2hero productions.<\/p>\n\n\n\n<p>Angaben gem\u00e4\u00df \u00a7 5 TMG<br>Heiko Bandasch Tonmeister \/ Tonstudio Stra\u00dfe am Flugplatz 6a 12487 Berlin<br>Kontakt<br>Telefon: +491729953446 E-Mail: fb@set-studios.net<br>Verbraucherstreitbeilegung\/Universalschlichtungsstelle<br>Wir sind nicht bereit oder verpflichtet, an Streitbeilegungsverfahren vor einer Verbraucherschlichtungsstelle teilzunehmen.<br>Haftungsausschluss:<\/p>\n\n\n\n<p>Haftung f\u00fcr Links<\/p>\n\n\n\n<p>Unser Angebot enth\u00e4lt Links zu externen Webseiten Dritter, auf deren Inhalte wir keinen Einfluss haben. Deshalb k\u00f6nnen wir f\u00fcr diese fremden Inhalte auch keine Gew\u00e4hr \u00fcbernehmen. F\u00fcr die Inhalte der verlinkten Seiten ist stets der jeweilige Anbieter oder Betreiber der Seiten verantwortlich. Die verlinkten Seiten wurden zum Zeitpunkt der Verlinkung auf m\u00f6gliche Rechtsverst\u00f6\u00dfe \u00fcberpr\u00fcft. Rechtswidrige Inhalte waren zum Zeitpunkt der Verlinkung nicht erkennbar. Eine permanente inhaltliche Kontrolle der verlinkten Seiten ist jedoch ohne konkrete Anhaltspunkte einer Rechtsverletzung nicht zumutbar. Bei Bekanntwerden von Rechtsverletzungen werden wir derartige Links umgehend entfernen.<\/p>\n\n\n\n<p>Urheberrecht<\/p>\n\n\n\n<p>Die durch die Seitenbetreiber erstellten Inhalte und Werke auf diesen Seiten unterliegen dem deutschen Urheberrecht. Die Vervielf\u00e4ltigung, Bearbeitung, Verbreitung und jede Art der Verwertung au\u00dferhalb der Grenzen des Urheberrechtes bed\u00fcrfen der schriftlichen Zustimmung des jeweiligen Autors bzw. Erstellers. Downloads und Kopien dieser Seite sind nur f\u00fcr den privaten, nicht kommerziellen Gebrauch gestattet. Soweit die Inhalte auf dieser Seite nicht vom Betreiber erstellt wurden, werden die Urheberrechte Dritter beachtet. Insbesondere werden Inhalte Dritter als solche gekennzeichnet. Sollten Sie trotzdem auf eine Urheberrechtsverletzung aufmerksam werden, bitten wir um einen entsprechenden Hinweis. Bei Bekanntwerden von Rechtsverletzungen werden wir derartige Inhalte umgehend entfernen.<\/p>\n\n\n\n<p>Privatsph\u00e4re-Einstellungen:<\/p>\n\n\n<a  href=\"#consent-change\" role=\"button\" id=\"rcb-sc-link-change\" data-success-message=\"\" class=\"rcb-sc-link rcb-sc-link-change \">Privatsph\u00e4re-Einstellungen \u00e4ndern<\/a>\n\n\n\n<p><\/p>\n\n\n<a  href=\"#consent-history\" role=\"button\" id=\"rcb-sc-link-history\" data-success-message=\"\" class=\"rcb-sc-link rcb-sc-link-history \">Historie der Privatsph\u00e4re-Einstellungen<\/a>\n\n\n\n<p><\/p>\n\n\n<a  href=\"#consent-revoke\" role=\"button\" id=\"rcb-sc-link-revoke\" data-success-message=\"Du hast die Einwilligung erfolgreich widerrufen. Die Seite wird nun neu geladen.\" class=\"rcb-sc-link rcb-sc-link-revoke \">Einwilligungen widerrufen<\/a>\n\n\n\n<p><\/p>\n\n\n\n<p><a href=\"https:\/\/2hero.de\/wp-login.php\">Admin<\/a><\/p>\n\n\n\n<p>Heiko Bandasch stellt diese Website unter folgenden Nutzungsbedingungen zur Verf\u00fcgung:<\/p>\n\n\n\n<p><strong>Rechtliche Hinweise<\/strong><\/p>\n\n\n\n<p>Durch die Benutzung dieser Website erkl\u00e4ren Sie Ihre Zustimmung zu den nachfolgenden Nutzungsbedingungen. Heiko Bandasch beh\u00e4lt sich das Recht vor, diese Nutzungsbedingungen ohne vorherige Ank\u00fcndigung zu \u00e4ndern. Durch die weitere Nutzung im Anschluss an eine \u00c4nderung erkl\u00e4ren Sie Ihre Zustimmung zu diesen \u00c4nderungen.<\/p>\n\n\n\n<p>\u00a71. Nutzung<\/p>\n\n\n\n<p>Bei der Nutzung dieser Website erkl\u00e4ren Sie, anwendbares Recht und allgemeine Etiquette zu beachten. Eine Nutzung dieser Website oder der hier zur Verf\u00fcgung gestellten Materialien zu anderen als den hier ausdr\u00fccklich erw\u00e4hnten Zwecken ist nicht zul\u00e4ssig.<\/p>\n\n\n\n<p>\u00a72. Copyright<\/p>\n\n\n\n<p>Diese Website und alle dazugeh\u00f6rigen Texte, Grafiken oder andere Materialien sind urheberrechtlich gesch\u00fctzt. Jegliche Verwendung zu anderen als den im Urheberrecht gesetzlich zugelassenen Zwecken ohne vorherige schriftliche Zustimmung durch Heiko Bandasch ist nicht gestattet. Sie d\u00fcrfen eine Kopie der Materialien oder Inhalte auf dieser Website auf einem einzelnen Computersystem f\u00fcr private, unternehmerische, aber nicht kommerzielle Zwecke anzeigen oder drucken, vorausgesetzt, dass alle Copyright-Hinweise ohne \u00c4nderung vollst\u00e4ndig intakt bleiben. Ein systematisches Herunterladen von Materialien dieser Website f\u00fcr Sammlungen, Archive, Verzeichnisse oder Datenbanken ist nicht gestattet. Heiko Bandasch respektiert die Urheberrechte Dritter und stellt alle Materialien dieser Website im guten Glauben zur Verf\u00fcgung. Falls sie glauben, der rechtm\u00e4\u00dfige Urheber- oder Rechtsinhaber von Materialien dieser Website zu sein, so wird erwartet, dass sie Heiko Bandasch hiervon unverz\u00fcglich in Kenntnis setzen.<\/p>\n\n\n\n<p>\u00a73. Warenzeichen<\/p>\n\n\n\n<p>Die Namen anderer Unternehmen oder Produkte, die auf dieser Website erw\u00e4hnt werden sind ggf. Warenzeichen ihrer jeweiligen Eigent\u00fcmer. Diese Warenzeichen d\u00fcrfen nicht in Verbindung mit Produkten oder Dienstleistungen verwendet werden, die nicht durch ihre jeweiligen Eigent\u00fcmer genehmigt sind.<\/p>\n\n\n\n<p>\u00a74. Gew\u00e4hrleistung<\/p>\n\n\n\n<p>Alle Materialien oder Informationen, die auf dieser Website zur Verf\u00fcgung gestellt werden, werden ohne Gew\u00e4hr auf Richtigkeit oder Vollst\u00e4ndigkeit zur Verf\u00fcgung gestellt. Heiko Bandasch leistet keinen Schadensersatz in irgendeiner Form f\u00fcr die Benutzung oder die nicht bestehende M\u00f6glichkeit oder Unf\u00e4higkeit zur Nutzung der Website bzw. ihrer Inhalte oder Links. Heiko Bandasch \u00fcbernimmt keine Verantwortung f\u00fcr technische Fehler oder Druckfehler. Heiko Bandasch \u00fcbernimmt keine Verantwortung f\u00fcr Sch\u00e4den, die durch die von dieser Website oder dem Webserver verwendeten Software entstehen (einschlie\u00dflich Computerviren); ebenso \u00fcbernimmt Heiko Bandasch keine Verantwortung f\u00fcr Sch\u00e4den, die durch unerlaubten Zugang zu dieser Website, dem Server oder der Datenverbindung entstehen. Diese Website einschlie\u00dflich der Nutzungsbedingungen wird regelm\u00e4\u00dfig aktualisiert und kann unangek\u00fcndigte \u00c4nderungen enthalten. Heiko Bandasch \u00fcbernimmt keine Gew\u00e4hr f\u00fcr die k\u00fcnftige Verf\u00fcgbarkeit von Informationen, insbesondere nach Updates.<\/p>\n\n\n\n<p>\u00a75. Verf\u00fcgbarkeit und Angemessenheit<\/p>\n\n\n\n<p>Heiko Bandasch \u00fcbernimmt keine Verantwortung daf\u00fcr, dass diese Website in bestimmten L\u00e4ndern oder Regionen zug\u00e4nglich ist oder daf\u00fcr, dass die hier zur Verf\u00fcgung gestellten Informationen oder Materialien mit dem Recht oder den guten Sitten in L\u00e4ndern au\u00dferhalb Deutschlands vereinbar sind. Sollten Sie Zugang von au\u00dferhalb Deutschlands haben, so tun Sie dies auf eigenes Risiko und sind in vollem Umfang selbst verantwortlich f\u00fcr die Einhaltung der geltenden Gesetze.<\/p>\n\n\n\n<p>\u00a76. Links<\/p>\n\n\n\n<p>Links zu Websites dritter Parteien werden als Zusatzdienstleistung zur Verf\u00fcgung gestellt. Heiko Bandasch stellt diese Links im guten Glauben ohne Gew\u00e4hrleistung in irgendeiner Form zur Verf\u00fcgung, da sich diese Seiten nicht unter dem Einflussbereich von Heiko Bandasch befinden. Heiko Bandasch \u00fcbernimmt keine Verantwortung f\u00fcr Inhalt oder Verf\u00fcgbarkeit jener Seiten oder f\u00fcr die dort zur Verf\u00fcgung gestellten Links.<\/p>\n\n\n\n<p>\u00a77. Datenschutz<\/p>\n\n\n\n<p>Heiko Bandasch sammelt keine privaten Nutzerinformationen, soweit nicht ausdr\u00fccklich angegeben. In den Teilbereichen dieser Website, in denen Interaktion mit dem Nutzer angestrebt wird, mag es notwendig sein, bestimmte pers\u00f6nliche Informationen anzugeben. Durch die Angabe dieser Informationen erkl\u00e4ren Sie Ihre Zustimmung, dass Heiko Bandasch die angegebenen Daten in den engen Grenzen des deutschen Datenschutzgesetzes verwenden darf.<\/p>\n\n\n\n<p>\u00a78. Abschlie\u00dfende Bestimmungen<\/p>\n\n\n\n<p>Diese Nutzungsbedingungen ersetzen alle vorhergehenden \u00dcbereink\u00fcnfte. Es bestehen keine Nebenabreden zu diesen Nutzungsbedingungen. Die Unwirksamkeit einzelner Bestimmungen ber\u00fchrt nicht die G\u00fcltigkeit der \u00fcbrigen. Die Vertragsparteien vereinbaren, eine unwirksame durch eine in ihrem wirtschaftlichen Ergebnis gleichwertige Bestimmung zu ersetzen. Diese Website wurde erstellt und unterliegt der Kontrolle von Heiko Bandasch (siehe Impressum). Erf\u00fcllungsort und Gerichtsstand f\u00fcr alle aus dem Vertragsverh\u00e4ltnis entstehenden Anspr\u00fcche und Rechtsstreitigkeiten ist Berlin. Es gilt deutsches Recht.<\/p>\n\n\n\n<p>Datenschutzerkl\u00e4rung:<\/p>\n\n\n\n<p>Bei 2hero achten wir Ihre Privatsph\u00e4re. Wir sind uns bewusst, dass Sie darauf vertrauen, dass wir mit den uns anvertrauten pers\u00f6nlichen Informationen verantwortungsbewusst umgehen. Daher verfolgen wir eine Politik, die auf den Schutz Ihrer pers\u00f6nlichen Informationen abzielt. Sie k\u00f6nnen unsere Website jederzeit besuchen und ungesicherte Bereiche durchsuchen, ohne uns pers\u00f6nliche Informationen zu geben. Gespeichert wird jedoch die IP-Adresse, die uns von Ihnen \u00fcbermittelt wird sowie die damit verbundenen Informationen. Lesen Sie bitte weiter, wenn Sie mehr \u00fcber unsere Datenschutzpolitik erfahren m\u00f6chten.<\/p>\n\n\n\n<h3 class=\"wp-block-heading\">Welche Informationen sammelt 2hero? Wie nutzen wir diese Informationen?<\/h3>\n\n\n\n<p>Manchmal werden Sie aufgefordert, uns auf freiwilliger Basis pers\u00f6nliche Angaben zu machen.<br>In der Regel werden diese Informationen abgefragt, wenn Sie sich f\u00fcr Informationen im Zusammenhang mit unserem Unternehmen interessieren.<br>Wenn Sie uns mitteilen, dass wir diese Informationen nicht als Grundlage f\u00fcr einen weiteren Kontakt mit Ihnen verwendet werden sollen, werden wir dies respektieren und Ihre Daten aus unserer Datei l\u00f6schen (Ihr Widerspruchsrecht). Richten Sie Ihren Widerspruch bitte an die im Impressum angegebene Adresse.<br>Wir beabsichtigen, den Inhalt und die Funktionen unserer Website st\u00e4ndig zu verbessern. Daher erfassen wir das Kundenverhalten und die Nutzung unserer Website, um das Design und Layout unserer Site verbessern und Ihnen noch interessantere Inhalte bieten zu k\u00f6nnen. Wir verwenden teilweise auch nicht pers\u00f6nlich zuordenbare Angaben zur Optimierung von Qualit\u00e4t und Online-Diensten, indem wir statistische Erhebungen der kollektiven Charakteristika und Verhaltensmuster unserer Besucher durchf\u00fchren.<\/p>\n\n\n\n<h3 class=\"wp-block-heading\">Wie funktionieren \u201eCookies\u201c?<\/h3>\n\n\n\n<p>2hero verwendet Cookies, um eine sichere und schnelle Kommunikation mit der Website gew\u00e4hrleisten zu k\u00f6nnen. Als HTTP- bzw. Browser-Cookie werden Informationen bezeichnet, die ein Webserver zu einem Browser sendet oder die auf Ihrem PC durch eine Webseite erzeugt werden. Unsere Cookies, die wir versenden, gew\u00e4hrleisten Ihnen eine schnelle und sichere Kommunikation, w\u00e4hrend Sie sich auf unserer Website befinden. Wenn Sie es ablehnen, dass wir einen Cookie an Sie versenden, werden Sie m\u00f6glicherweise keinen Zugang zu der Website erhalten oder Sie werden von bestimmten Seiten oder Dienstleistungen ausgeschlossen. Unsere Cookies werden automatisch gel\u00f6scht, wenn Sie Ihren Browser schlie\u00dfen. Unsere Website kann Links zu anderen Seiten mit Cookie-Verfahrenstechnik enthalten. Wir haben weder Zugang zu noch Kontrolle \u00fcber diese Cookies.<br>Die meisten Web-Browser akzeptieren Cookies automatisch. Sie k\u00f6nnen die Einstellungen Ihres Browsers in der Regel aber auch \u00e4ndern, wenn Sie die Informationen lieber nicht versenden m\u00f6chten.<\/p>\n\n\n\n<h3 class=\"wp-block-heading\">Google Analytics<\/h3>\n\n\n\n<p>Diese Website benutzt Google Analytics, einen Webanalysedienst der Google Inc. (\u201eGoogle\u201c). Google Analytics verwendet sog. \u201eCookies\u201c, Textdateien, die auf Ihrem Computer gespeichert werden und die eine Analyse der Benutzung der Website durch Sie erm\u00f6glichen. Die durch das Cookie erzeugten Informationen \u00fcber Ihre Benutzung dieser Website werden in der Regel an einen Server von Google in den USA \u00fcbertragen und dort gespeichert. Im Falle der Aktivierung der IP-Anonymisierung auf dieser Website, wird Ihre IP-Adresse von Google jedoch innerhalb von Mitgliedstaaten der Europ\u00e4ischen Union oder in anderen Vertragsstaaten des Abkommens \u00fcber den Europ\u00e4ischen Wirtschaftsraum zuvor gek\u00fcrzt. Nur in Ausnahmef\u00e4llen wird die volle IP-Adresse an einen Server von Google in den USA \u00fcbertragen und dort gek\u00fcrzt. Im Auftrag des Betreibers dieser Website wird Google diese Informationen benutzen, um Ihre Nutzung der Website auszuwerten, um Reports \u00fcber die Websiteaktivit\u00e4ten zusammenzustellen und um weitere mit der Websitenutzung und der Internetnutzung verbundene Dienstleistungen gegen\u00fcber dem Websitebetreiber zu erbringen. Die im Rahmen von Google Analytics von Ihrem Browser \u00fcbermittelte IP-Adresse wird nicht mit anderen Daten von Google zusammengef\u00fchrt. Sie k\u00f6nnen die Speicherung der Cookies durch eine entsprechende Einstellung Ihrer Browser-Software verhindern; wir weisen Sie jedoch darauf hin, dass Sie in diesem Fall gegebenenfalls nicht s\u00e4mtliche Funktionen dieser Website vollumf\u00e4nglich werden nutzen k\u00f6nnen. Sie k\u00f6nnen dar\u00fcber hinaus die Erfassung der durch das Cookie erzeugten und auf Ihre Nutzung der Website bezogenen Daten (inkl. Ihrer IP-Adresse) an Google sowie die Verarbeitung dieser Daten durch Google verhindern, indem Sie das unter dem folgenden Link (<a href=\"http:\/\/tools.google.com\/dlpage\/gaoptout?hl=de\" target=\"_blank\" rel=\"noreferrer noopener\">http:\/\/tools.google.com\/dlpage\/gaoptout?hl=de<\/a>) verf\u00fcgbare Browser-Plugin herunterladen und installieren.<\/p>\n\n\n\n<p>N\u00e4here Informationen zu Nutzungsbedingungen und Datenschutz finden Sie unter&nbsp;<a href=\"http:\/\/www.google.com\/analytics\/terms\/de.html\" target=\"_blank\" rel=\"noreferrer noopener\">http:\/\/www.google.com\/analytics\/terms\/de.html<\/a>&nbsp;bzw. unter&nbsp;<a href=\"http:\/\/www.google.de\/intl\/de\/policies\/\" target=\"_blank\" rel=\"noreferrer noopener\">https:\/\/www.google.de\/intl\/de\/policies\/<\/a>. Wir weisen Sie darauf hin, dass auf dieser Website Google Analytics um den Code \u201eanonymizeIp\u201c erweitert wurde, um eine anonymisierte Erfassung von IP-Adressen (sog. IP-Masking) zu gew\u00e4hrleisten.<\/p>\n\n\n\n<h3 class=\"wp-block-heading\">Retargeting \u2013 Einsatz von Google Adwords (Remarketing \/ Conversion Tracking) auf unserer Website<\/h3>\n\n\n\n<p>2hero nutzt den Dienst Google Adwords von Google. Unsere Website verwendet die Remarketing-Funktion von Google Adwords. Diese Funktion dient dazu, Besuchern der Website im Rahmen des Google-Werbenetzwerks interessenbezogene Werbeanzeigen zu pr\u00e4sentieren. Der Browser des Websitebesuchers speichert sog. \u201eCookies\u201c, Textdateien, die auf deinem Endger\u00e4t gespeichert werden und die es erm\u00f6glichen, den Nutzer wiederzuerkennen, wenn dieser Websites aufruft, die dem Werbenetzwerk von Google angeh\u00f6ren. Auf diesen Seiten k\u00f6nnen dem Nutzer dann Werbeanzeigen pr\u00e4sentiert werden, die sich auf Inhalte beziehen, die der Besucher zuvor auf Websites aufgerufen hat, die die Remarketing Funktion von Google verwenden. Nach eigenen Angaben erhebt Google bei diesem Vorgang keine personenbezogenen Daten. Solltest du die Funktion Remarketing von Google dennoch nicht w\u00fcnschen, kannst du diese grunds\u00e4tzlich deaktivieren, indem du die entsprechenden Einstellungen unter http:\/\/www.google.com\/settings\/ads vornimmst. Alternativ kannst du den Einsatz von Cookies f\u00fcr interessenbezogene Werbung \u00fcber die Werbenetzwerkinitiative deaktivieren, indem du den Anweisungen unter http:\/\/www.networkadvertising.org\/managing\/opt_out.asp folgst. Weiterf\u00fchrende Informationen zu Google Remarketing und die Datenschutzerkl\u00e4rung von Google findest du unter: http:\/\/www.google.com\/privacy\/ads\/<\/p>\n\n\n\n<h3 class=\"wp-block-heading\">Nutzung von Facebook Custom Audience<\/h3>\n\n\n\n<p>Auf unseren Seiten sind Remarketing-Tags des sozialen Netzwerks Facebook, 1601 South California Avenue, Palo Alto, CA 94304, USA integriert. Wenn Sie unsere Seiten besuchen, wird \u00fcber die Remarketing-Tags eine direkte Verbindung zwischen Ihrem Browser und dem Facebook-Server hergestellt. Facebook erh\u00e4lt dadurch die Information, dass Sie mit Ihrer IP-Adresse unsere Seite besucht haben. Dadurch kann Facebook den Besuch unserer Seiten Ihrem Benutzerkonto zuordnen. Die so erhaltenen Informationen k\u00f6nnen wir f\u00fcr die Anzeige von Facebook Ads nutzen. Wir weisen darauf hin, dass wir als Anbieter der Seiten keine Kenntnis vom Inhalt der \u00fcbermittelten Daten sowie deren Nutzung durch Facebook erhalten. Weitere Informationen hierzu finden Sie in der Datenschutzerkl\u00e4rung von Facebook (www.facebook.com\/about\/privacy\/). Falls Sie keine Datenerfassung via Custom Audience w\u00fcnschen, k\u00f6nnen Sie Custom Audiences hier (www.facebook.com\/ads\/website_custom_audiences\/) deaktivieren.<\/p>\n\n\n\n<h3 class=\"wp-block-heading\">Gibt 2hero die gesammelten Informationen an Dritte weiter?<\/h3>\n\n\n\n<p>2hero speichert unter Umst\u00e4nden pers\u00f6nliche Informationen. Diese werden nur f\u00fcr eigene Zwecke verwendet.<\/p>\n\n\n\n<h3 class=\"wp-block-heading\">Unsere E-Mail-Politik<\/h3>\n\n\n\n<p>Wenn Sie uns Ihre Kontaktinformationen mitgeteilt haben, treten wir eventuell \u00fcber E-Mail mit Ihnen in Kontakt, wenn dies im Zusammenhang mit Ihren angeforderten Informationen oder f\u00fcr unsere Kundendienstleistungen notwendig ist.<\/p>\n\n\n\n<h3 class=\"wp-block-heading\">Ihre Zustimmung<\/h3>\n\n\n\n<p>Indem Sie unsere Website nutzen, stimmen Sie dem Sammeln und der Nutzung dieser Informationen durch 2hero zu.<br>Wenn wir unsere Datenschutzpolitik \u00e4ndern sollten, werden wir diese \u00c4nderungen auf dieser Seite ver\u00f6ffentlichen. Sie erhalten hier immer Informationen \u00fcber die Daten, die wir erheben, die Art, in der wir diese Daten verwenden, und die Umst\u00e4nde, unter denen wir sie weitergeben.<\/p>\n\n\n\n<p>Bei Fragen wenden Sie sich bitte an<\/p>\n\n\n\n<p><a href=\"mailto:info@set-studios.net\">info@2hero.com<\/a><\/p>\n","protected":false},"excerpt":{"rendered":"<p>Imprint 2hero productions. Angaben gem\u00e4\u00df \u00a7 5 TMGHeiko Bandasch Tonmeister \/ Tonstudio Stra\u00dfe am Flugplatz 6a 12487 BerlinKontaktTelefon: +491729953446 E-Mail: fb@set-studios.netVerbraucherstreitbeilegung\/UniversalschlichtungsstelleWir sind nicht bereit oder verpflichtet, an Streitbeilegungsverfahren vor einer Verbraucherschlichtungsstelle teilzunehmen.Haftungsausschluss: Haftung f\u00fcr Links Unser Angebot enth\u00e4lt Links zu externen Webseiten Dritter, auf deren Inhalte wir keinen Einfluss haben. Deshalb k\u00f6nnen wir f\u00fcr diese [&hellip;]<\/p>\n","protected":false},"author":1,"featured_media":0,"parent":0,"menu_order":6,"comment_status":"closed","ping_status":"closed","template":"","meta":{"footnotes":""},"class_list":["post-1978","page","type-page","status-publish","hentry","post"],"jetpack_sharing_enabled":true,"_links":{"self":[{"href":"https:\/\/2hero.com\/index.php?rest_route=\/wp\/v2\/pages\/1978","targetHints":{"allow":["GET"]}}],"collection":[{"href":"https:\/\/2hero.com\/index.php?rest_route=\/wp\/v2\/pages"}],"about":[{"href":"https:\/\/2hero.com\/index.php?rest_route=\/wp\/v2\/types\/page"}],"author":[{"embeddable":true,"href":"https:\/\/2hero.com\/index.php?rest_route=\/wp\/v2\/users\/1"}],"replies":[{"embeddable":true,"href":"https:\/\/2hero.com\/index.php?rest_route=%2Fwp%2Fv2%2Fcomments&post=1978"}],"version-history":[{"count":1,"href":"https:\/\/2hero.com\/index.php?rest_route=\/wp\/v2\/pages\/1978\/revisions"}],"predecessor-version":[{"id":3475,"href":"https:\/\/2hero.com\/index.php?rest_route=\/wp\/v2\/pages\/1978\/revisions\/3475"}],"wp:attachment":[{"href":"https:\/\/2hero.com\/index.php?rest_route=%2Fwp%2Fv2%2Fmedia&parent=1978"}],"curies":[{"name":"wp","href":"https:\/\/api.w.org\/{rel}","templated":true}]}}